{"id":1633,"date":"2025-02-20T18:27:37","date_gmt":"2025-02-20T17:27:37","guid":{"rendered":"https:\/\/chocolate-dunlin-287919.hostingersite.com\/luz\/?post_type=product&#038;p=1633"},"modified":"2025-02-20T18:33:08","modified_gmt":"2025-02-20T17:33:08","slug":"lampara-satelite-led-25w","status":"publish","type":"product","link":"https:\/\/saugaservices.com\/luz\/producto\/lampara-satelite-led-25w\/","title":{"rendered":"L\u00e1mpara Sat\u00e9lite LED 25W"},"content":{"rendered":"<h3 data-start=\"65\" data-end=\"136\"><strong data-start=\"69\" data-end=\"134\">L\u00e1mpara Sat\u00e9lite LED 25W \u2013 Potencia, Eficiencia y Durabilidad<\/strong><\/h3>\n<p data-start=\"138\" data-end=\"505\">La l\u00e1mpara sat\u00e9lite LED de 25W es una soluci\u00f3n de iluminaci\u00f3n eficiente y de alto rendimiento, dise\u00f1ada para espacios que requieren una iluminaci\u00f3n amplia y uniforme. Con un flujo luminoso de 1800 l\u00famenes, funciona en un rango de voltaje de 100-240V y tiene una vida \u00fatil excepcional de hasta 40,000 horas, reduciendo significativamente los costos de mantenimiento.<\/p>\n<h3 data-start=\"507\" data-end=\"544\"><strong data-start=\"511\" data-end=\"542\">Caracter\u00edsticas destacadas:<\/strong><\/h3>\n<p data-start=\"545\" data-end=\"1157\">\u2714 <strong data-start=\"547\" data-end=\"568\">Alta luminosidad:<\/strong> 1800 l\u00famenes que garantizan una iluminaci\u00f3n potente y clara.<br data-start=\"629\" data-end=\"632\" \/>\u2714 <strong data-start=\"634\" data-end=\"660\">Eficiencia energ\u00e9tica:<\/strong> Consume solo 25W, ideal para reducir el consumo el\u00e9ctrico.<br data-start=\"719\" data-end=\"722\" \/>\u2714 <strong data-start=\"724\" data-end=\"752\">Amplio rango de voltaje:<\/strong> Compatible con sistemas el\u00e9ctricos de 100-240V, adapt\u00e1ndose a diferentes entornos.<br data-start=\"835\" data-end=\"838\" \/>\u2714 <strong data-start=\"840\" data-end=\"864\" data-is-only-node=\"\">Durabilidad extrema:<\/strong> Vida \u00fatil de hasta 40,000 horas, lo que asegura un funcionamiento prolongado y confiable.<br data-start=\"954\" data-end=\"957\" \/>\u2714 <strong data-start=\"959\" data-end=\"979\">Dise\u00f1o vers\u00e1til:<\/strong> Perfecta para uso en hogares, oficinas, almacenes, talleres y otros espacios amplios.<br data-start=\"1065\" data-end=\"1068\" \/>\u2714 <strong data-start=\"1070\" data-end=\"1092\">F\u00e1cil instalaci\u00f3n:<\/strong> Dise\u00f1o pr\u00e1ctico y seguro para adaptarse a diversas luminarias.<\/p>\n<p data-start=\"1159\" data-end=\"1286\">Elige la l\u00e1mpara sat\u00e9lite LED de 25W para disfrutar de una iluminaci\u00f3n eficiente, duradera y de calidad en cualquier espacio.<\/p>\n","protected":false},"excerpt":{"rendered":"<p>L\u00e1mpara Sat\u00e9lite LED 25W \u2013 Potencia, Eficiencia y Durabilidad La l\u00e1mpara sat\u00e9lite LED de 25W es una soluci\u00f3n de iluminaci\u00f3n eficiente y de alto rendimiento, dise\u00f1ada para espacios que requieren una iluminaci\u00f3n amplia y uniforme. Con un flujo luminoso de&#8230;<\/p>\n","protected":false},"featured_media":1634,"comment_status":"open","ping_status":"closed","template":"","meta":[],"product_brand":[],"product_cat":[73,16],"product_tag":[],"class_list":{"0":"post-1633","1":"product","2":"type-product","3":"status-publish","4":"has-post-thumbnail","6":"product_cat-colgante","7":"product_cat-sin-categorizar","9":"first","10":"instock","11":"shipping-taxable","12":"product-type-simple"},"_links":{"self":[{"href":"https:\/\/saugaservices.com\/luz\/wp-json\/wp\/v2\/product\/1633","targetHints":{"allow":["GET"]}}],"collection":[{"href":"https:\/\/saugaservices.com\/luz\/wp-json\/wp\/v2\/product"}],"about":[{"href":"https:\/\/saugaservices.com\/luz\/wp-json\/wp\/v2\/types\/product"}],"replies":[{"embeddable":true,"href":"https:\/\/saugaservices.com\/luz\/wp-json\/wp\/v2\/comments?post=1633"}],"wp:featuredmedia":[{"embeddable":true,"href":"https:\/\/saugaservices.com\/luz\/wp-json\/wp\/v2\/media\/1634"}],"wp:attachment":[{"href":"https:\/\/saugaservices.com\/luz\/wp-json\/wp\/v2\/media?parent=1633"}],"wp:term":[{"taxonomy":"product_brand","embeddable":true,"href":"https:\/\/saugaservices.com\/luz\/wp-json\/wp\/v2\/product_brand?post=1633"},{"taxonomy":"product_cat","embeddable":true,"href":"https:\/\/saugaservices.com\/luz\/wp-json\/wp\/v2\/product_cat?post=1633"},{"taxonomy":"product_tag","embeddable":true,"href":"https:\/\/saugaservices.com\/luz\/wp-json\/wp\/v2\/product_tag?post=1633"}],"curies":[{"name":"wp","href":"https:\/\/api.w.org\/{rel}","templated":true}]}}