{"id":874,"date":"2025-01-14T04:51:13","date_gmt":"2025-01-14T03:51:13","guid":{"rendered":"https:\/\/chocolate-dunlin-287919.hostingersite.com\/luz\/?page_id=874"},"modified":"2025-01-28T21:43:15","modified_gmt":"2025-01-28T20:43:15","slug":"smart","status":"publish","type":"page","link":"https:\/\/saugaservices.com\/luz\/smart\/","title":{"rendered":"Asesor\u00eda y consultor\u00eda de Iluminaci\u00f3n."},"content":{"rendered":"<p>Ofrecemos asesor\u00eda y consultor\u00eda especializada en iluminaci\u00f3n para garantizar que tus proyectos cuenten con<br>soluciones eficientes, funcionales y est\u00e9ticamente atractivas. Nuestro equipo de expertos te gu\u00eda en todas las<br>etapas, desde el dise\u00f1o inicial hasta la implementaci\u00f3n final, adapt\u00e1ndose a tus necesidades espec\u00edficas y<br>asegurando el mejor aprovechamiento de la luz en cada espacio.<\/p><p><br>Nuestros servicios incluyen:<\/p><p><\/p><ul class=\"wp-block-list\"><li><strong>Evaluaci\u00f3n y diagn\u00f3stico de necesidades de iluminaci\u00f3n.<\/strong><\/li>\n\n<li><strong>Dise\u00f1o de soluciones personalizadas, tanto para interiores como exteriores.<\/strong><\/li>\n\n<li><strong>Selecci\u00f3n de tecnolog\u00edas adecuadas, incluyendo iluminaci\u00f3n LED y sostenible.<\/strong><\/li>\n\n<li><strong>Optimizaci\u00f3n de consumo energ\u00e9tico y reducci\u00f3n de costos.<\/strong><br><\/li><\/ul><p>Con nuestra asesor\u00eda, puedes estar seguro de que tu proyecto de iluminaci\u00f3n cumplir\u00e1 con los m\u00e1s altos<br>est\u00e1ndares de calidad, eficiencia y seguridad<strong>.<\/strong><\/p><p><\/p>","protected":false},"excerpt":{"rendered":"<p>Ofrecemos asesor\u00eda y consultor\u00eda especializada en iluminaci\u00f3n para garantizar que tus proyectos cuenten consoluciones eficientes, funcionales y est\u00e9ticamente atractivas. Nuestro equipo de expertos te gu\u00eda en todas lasetapas, desde el dise\u00f1o inicial hasta la implementaci\u00f3n final, adapt\u00e1ndose a tus necesidades&#8230;<\/p>\n","protected":false},"author":1,"featured_media":0,"parent":0,"menu_order":0,"comment_status":"closed","ping_status":"closed","template":"","meta":{"footnotes":""},"class_list":["post-874","page","type-page","status-publish","hentry"],"_links":{"self":[{"href":"https:\/\/saugaservices.com\/luz\/wp-json\/wp\/v2\/pages\/874","targetHints":{"allow":["GET"]}}],"collection":[{"href":"https:\/\/saugaservices.com\/luz\/wp-json\/wp\/v2\/pages"}],"about":[{"href":"https:\/\/saugaservices.com\/luz\/wp-json\/wp\/v2\/types\/page"}],"author":[{"embeddable":true,"href":"https:\/\/saugaservices.com\/luz\/wp-json\/wp\/v2\/users\/1"}],"replies":[{"embeddable":true,"href":"https:\/\/saugaservices.com\/luz\/wp-json\/wp\/v2\/comments?post=874"}],"version-history":[{"count":4,"href":"https:\/\/saugaservices.com\/luz\/wp-json\/wp\/v2\/pages\/874\/revisions"}],"predecessor-version":[{"id":1219,"href":"https:\/\/saugaservices.com\/luz\/wp-json\/wp\/v2\/pages\/874\/revisions\/1219"}],"wp:attachment":[{"href":"https:\/\/saugaservices.com\/luz\/wp-json\/wp\/v2\/media?parent=874"}],"curies":[{"name":"wp","href":"https:\/\/api.w.org\/{rel}","templated":true}]}}