{"id":767,"date":"2014-11-11T11:14:05","date_gmt":"2014-11-11T11:14:05","guid":{"rendered":"http:\/\/anpsthemes.com\/constructo\/?page_id=11"},"modified":"2025-01-21T09:36:57","modified_gmt":"2025-01-21T08:36:57","slug":"about-us","status":"publish","type":"page","link":"https:\/\/saugaservices.com\/luz\/about-us\/","title":{"rendered":"Nuestros Proyectos"},"content":{"rendered":"<div class=\"wpb-content-wrapper\"><p>[vc_row][vc_column width=\u00bb2\/4&#8243;][vc_single_image image=\u00bb1156&#8243; img_size=\u00bbfull\u00bb alignment=\u00bbcenter\u00bb css=\u00bb\u00bb][\/vc_column][vc_column width=\u00bb1\/4&#8243;][vc_single_image image=\u00bb1151&#8243; img_size=\u00bbfull\u00bb css=\u00bb\u00bb]<h5 class='heading-content  style-1' ><span>Hotel Golden Tower<\/span><\/h5>[vc_column_text css=\u00bb\u00bb]<strong>Trabajo realizado:<\/strong><\/p>\n<p>Dise\u00f1o, suministro e instalaci\u00f3n de<br \/>\nIluminaci\u00f3n arquitect\u00f3nica de fachada[\/vc_column_text][vc_empty_space height=\u00bb20px\u00bb][vc_single_image image=\u00bb1154&#8243; img_size=\u00bbfull\u00bb css=\u00bb\u00bb]<h5 class='heading-content  style-1' ><span>Oficinas Bayer. GBT<\/span><\/h5>[vc_column_text css=\u00bb\u00bb]<strong>Trabajo realizado:<\/strong><br \/>\nSuministro e instalaci\u00f3n de luminarias<br \/>\ny automatizaci\u00f3n de la iluminaci\u00f3n[\/vc_column_text][\/vc_column][vc_column width=\u00bb1\/4&#8243;][vc_single_image image=\u00bb1152&#8243; img_size=\u00bbfull\u00bb css=\u00bb\u00bb]<h5 class='heading-content  style-1' ><span>Grupo Roble<\/span><\/h5>[vc_column_text css=\u00bb\u00bb]<strong>Trabajo realizado:<\/strong><\/p>\n<p>Suministro luminarias ampliaci\u00f3n<br \/>\nTercera Etapa Multiplaza Pacific Mall.[\/vc_column_text][vc_empty_space height=\u00bb20px\u00bb][vc_single_image image=\u00bb1153&#8243; img_size=\u00bbfull\u00bb css=\u00bb\u00bb]<h5 class='heading-content  style-1' ><span>P.h. Bijao Beach club<\/span><\/h5>[vc_column_text css=\u00bb\u00bb]<strong>Trabajo realizado:<\/strong><br \/>\nSuministro de luminarias Led Tipo High<br \/>\nBay para alumbrado p\u00fablico y vehicular.[\/vc_column_text][\/vc_column][\/vc_row][vc_row css=\u00bb.vc_custom_1418301066256{padding-top: 80px !important;padding-bottom: 30px !important;}\u00bb has_content=\u00bbtrue\u00bb][vc_column]<div class='row'><div class='col-lg-3 col-sm-6'><div class='team team-hover'><header><img loading=\"lazy\" decoding=\"async\" width=\"370\" height=\"360\" src=\"https:\/\/saugaservices.com\/luz\/wp-content\/uploads\/2014\/12\/Proyecto5.png\" class=\"attachment-team-3 size-team-3 wp-post-image\" alt=\"\" srcset=\"https:\/\/saugaservices.com\/luz\/wp-content\/uploads\/2014\/12\/Proyecto5.png 370w, https:\/\/saugaservices.com\/luz\/wp-content\/uploads\/2014\/12\/Proyecto5-300x292.png 300w, https:\/\/saugaservices.com\/luz\/wp-content\/uploads\/2014\/12\/Proyecto5-360x350.png 360w\" sizes=\"auto, (max-width: 370px) 100vw, 370px\" \/><div class='hover'><strong>Trabajo realizado:<\/strong>\r\nSuministro de luminarias tipo reflector\r\nLed de 400W para la iluminaci\u00f3n de\r\nlas canchas de tenis.<\/div><\/header><h2>Federaci\u00f3n Paname\u00f1a de Tenis<\/h2><em><\/em><\/div><\/div><div class='col-lg-3 col-sm-6'><div class='team team-hover team-hover'><header><img loading=\"lazy\" decoding=\"async\" width=\"370\" height=\"360\" src=\"https:\/\/saugaservices.com\/luz\/wp-content\/uploads\/2014\/12\/Proyecto6.png\" class=\"attachment-team-3 size-team-3 wp-post-image\" alt=\"\" srcset=\"https:\/\/saugaservices.com\/luz\/wp-content\/uploads\/2014\/12\/Proyecto6.png 370w, https:\/\/saugaservices.com\/luz\/wp-content\/uploads\/2014\/12\/Proyecto6-300x292.png 300w, https:\/\/saugaservices.com\/luz\/wp-content\/uploads\/2014\/12\/Proyecto6-360x350.png 360w\" sizes=\"auto, (max-width: 370px) 100vw, 370px\" \/><div class='hover'><strong>Trabajo realizado:<\/strong>\r\nSuministro de luminarias Led para\r\ninteriores tipo panel y l\u00e1mparas\r\nsolares Led integrada S40 y reflector\r\nLed solar Jeta para zona de\r\nestacionamiento y \u00e1reas externas.<\/div><\/header><h2>Albergue Municipal de las Garzas de Pacora<\/h2><em><\/em><\/div><\/div><div class='col-lg-3 col-sm-6'><div class='team team-hover team-hover team-hover'><header><img loading=\"lazy\" decoding=\"async\" width=\"370\" height=\"360\" src=\"https:\/\/saugaservices.com\/luz\/wp-content\/uploads\/2014\/12\/Proyecto7.png\" class=\"attachment-team-3 size-team-3 wp-post-image\" alt=\"\" srcset=\"https:\/\/saugaservices.com\/luz\/wp-content\/uploads\/2014\/12\/Proyecto7.png 370w, https:\/\/saugaservices.com\/luz\/wp-content\/uploads\/2014\/12\/Proyecto7-300x292.png 300w, https:\/\/saugaservices.com\/luz\/wp-content\/uploads\/2014\/12\/Proyecto7-360x350.png 360w\" sizes=\"auto, (max-width: 370px) 100vw, 370px\" \/><div class='hover'><strong>Trabajo realizado:<\/strong>\r\nSuministro de luminarias Led\r\nintegradas solares S60 Pro para el\r\nplan piloto de iluminaci\u00f3n de\r\nestacionamientos zona norte.<\/div><\/header><h2>Mall Metromall<\/h2><em><\/em><\/div><\/div><div class='col-lg-3 col-sm-6'><div class='team team-hover team-hover team-hover team-hover'><header><img loading=\"lazy\" decoding=\"async\" width=\"370\" height=\"360\" src=\"https:\/\/saugaservices.com\/luz\/wp-content\/uploads\/2014\/12\/Proyecto8.png\" class=\"attachment-team-3 size-team-3 wp-post-image\" alt=\"\" srcset=\"https:\/\/saugaservices.com\/luz\/wp-content\/uploads\/2014\/12\/Proyecto8.png 370w, https:\/\/saugaservices.com\/luz\/wp-content\/uploads\/2014\/12\/Proyecto8-300x292.png 300w, https:\/\/saugaservices.com\/luz\/wp-content\/uploads\/2014\/12\/Proyecto8-360x350.png 360w\" sizes=\"auto, (max-width: 370px) 100vw, 370px\" \/><div class='hover'><strong>Trabajo realizado:<\/strong>\r\nSuministro y mano de obra de mantenimiento de\r\nfachada frontal.<\/div><\/header><h2>Hotel Aloft<\/h2><em><\/em><\/div><\/div><\/div>[\/vc_column][\/vc_row]<\/p>\n<\/div>","protected":false},"excerpt":{"rendered":"<p>[vc_row][vc_column width=\u00bb2\/4&#8243;][vc_single_image image=\u00bb1156&#8243; img_size=\u00bbfull\u00bb alignment=\u00bbcenter\u00bb css=\u00bb\u00bb][\/vc_column][vc_column width=\u00bb1\/4&#8243;][vc_single_image image=\u00bb1151&#8243; img_size=\u00bbfull\u00bb css=\u00bb\u00bb][vc_column_text css=\u00bb\u00bb]Trabajo realizado: Dise\u00f1o, suministro e instalaci\u00f3n de Iluminaci\u00f3n arquitect\u00f3nica de fachada[\/vc_column_text][vc_empty_space height=\u00bb20px\u00bb][vc_single_image image=\u00bb1154&#8243; img_size=\u00bbfull\u00bb css=\u00bb\u00bb][vc_column_text css=\u00bb\u00bb]Trabajo realizado: Suministro e instalaci\u00f3n de luminarias y automatizaci\u00f3n de la iluminaci\u00f3n[\/vc_column_text][\/vc_column][vc_column width=\u00bb1\/4&#8243;][vc_single_image image=\u00bb1152&#8243; img_size=\u00bbfull\u00bb&#8230;<\/p>\n","protected":false},"author":1,"featured_media":0,"parent":0,"menu_order":0,"comment_status":"open","ping_status":"open","template":"","meta":{"footnotes":""},"class_list":["post-767","page","type-page","status-publish","hentry"],"_links":{"self":[{"href":"https:\/\/saugaservices.com\/luz\/wp-json\/wp\/v2\/pages\/767","targetHints":{"allow":["GET"]}}],"collection":[{"href":"https:\/\/saugaservices.com\/luz\/wp-json\/wp\/v2\/pages"}],"about":[{"href":"https:\/\/saugaservices.com\/luz\/wp-json\/wp\/v2\/types\/page"}],"author":[{"embeddable":true,"href":"https:\/\/saugaservices.com\/luz\/wp-json\/wp\/v2\/users\/1"}],"replies":[{"embeddable":true,"href":"https:\/\/saugaservices.com\/luz\/wp-json\/wp\/v2\/comments?post=767"}],"version-history":[{"count":7,"href":"https:\/\/saugaservices.com\/luz\/wp-json\/wp\/v2\/pages\/767\/revisions"}],"predecessor-version":[{"id":1157,"href":"https:\/\/saugaservices.com\/luz\/wp-json\/wp\/v2\/pages\/767\/revisions\/1157"}],"wp:attachment":[{"href":"https:\/\/saugaservices.com\/luz\/wp-json\/wp\/v2\/media?parent=767"}],"curies":[{"name":"wp","href":"https:\/\/api.w.org\/{rel}","templated":true}]}}