{"id":14,"date":"2025-01-13T06:23:18","date_gmt":"2025-01-13T05:23:18","guid":{"rendered":"https:\/\/chocolate-dunlin-287919.hostingersite.com\/luz\/index.php\/carrito\/"},"modified":"2025-02-18T17:47:55","modified_gmt":"2025-02-18T16:47:55","slug":"carrito","status":"publish","type":"page","link":"https:\/\/saugaservices.com\/luz\/carrito\/","title":{"rendered":"Carrito"},"content":{"rendered":"<div data-block-name=\"woocommerce\/cart\" class=\"wp-block-woocommerce-cart alignwide is-loading\"><div data-block-name=\"woocommerce\/filled-cart-block\" class=\"wp-block-woocommerce-filled-cart-block\"><div data-block-name=\"woocommerce\/cart-items-block\" class=\"wp-block-woocommerce-cart-items-block\"><div data-block-name=\"woocommerce\/cart-line-items-block\" class=\"wp-block-woocommerce-cart-line-items-block\"><\/div>\n\n<div data-block-name=\"woocommerce\/cart-cross-sells-block\" class=\"wp-block-woocommerce-cart-cross-sells-block\"><h2 class=\"wp-block-heading has-large-font-size\">Puede que te interese\u2026<\/h2>\n\n<div data-block-name=\"woocommerce\/cart-cross-sells-products-block\" class=\"wp-block-woocommerce-cart-cross-sells-products-block\"><\/div><\/div><\/div>\n\n<div data-block-name=\"woocommerce\/cart-totals-block\" class=\"wp-block-woocommerce-cart-totals-block\"><div data-block-name=\"woocommerce\/cart-order-summary-block\" class=\"wp-block-woocommerce-cart-order-summary-block\"><div data-block-name=\"woocommerce\/cart-order-summary-heading-block\" class=\"wp-block-woocommerce-cart-order-summary-heading-block\"><\/div><div data-block-name=\"woocommerce\/cart-order-summary-coupon-form-block\" class=\"wp-block-woocommerce-cart-order-summary-coupon-form-block\"><\/div><div data-block-name=\"woocommerce\/cart-order-summary-totals-block\" class=\"wp-block-woocommerce-cart-order-summary-totals-block\">\n<div data-block-name=\"woocommerce\/cart-order-summary-subtotal-block\" class=\"wp-block-woocommerce-cart-order-summary-subtotal-block\"><\/div>\n<div data-block-name=\"woocommerce\/cart-order-summary-discount-block\" class=\"wp-block-woocommerce-cart-order-summary-discount-block\"><\/div>\n<div data-block-name=\"woocommerce\/cart-order-summary-fee-block\" class=\"wp-block-woocommerce-cart-order-summary-fee-block\"><\/div>\n<div data-block-name=\"woocommerce\/cart-order-summary-shipping-block\" class=\"wp-block-woocommerce-cart-order-summary-shipping-block\"><\/div>\n<div data-block-name=\"woocommerce\/cart-order-summary-taxes-block\" class=\"wp-block-woocommerce-cart-order-summary-taxes-block\"><\/div><\/div><\/div>\n\n<div data-block-name=\"woocommerce\/cart-express-payment-block\" class=\"wp-block-woocommerce-cart-express-payment-block\"><\/div>\n\n<div data-block-name=\"woocommerce\/proceed-to-checkout-block\" class=\"wp-block-woocommerce-proceed-to-checkout-block\"><\/div>\n\n<div data-block-name=\"woocommerce\/cart-accepted-payment-methods-block\" class=\"wp-block-woocommerce-cart-accepted-payment-methods-block\"><\/div><\/div><\/div>\n\n<div data-block-name=\"woocommerce\/empty-cart-block\" class=\"wp-block-woocommerce-empty-cart-block\"><h2 class=\"wp-block-heading has-text-align-center with-empty-cart-icon wc-block-cart__empty-cart__title\">\u00a1Tu carrito est\u00e1 actualmente vac\u00edo!<\/h2>\n\n<hr class=\"wp-block-separator has-alpha-channel-opacity is-style-dots\"\/>\n\n<h2 class=\"wp-block-heading has-text-align-center\">Nuevo en la tienda<\/h2>\n\n<div data-block-name=\"woocommerce\/product-new\" data-columns=\"4\" data-rows=\"1\" class=\"wc-block-grid wp-block-product-new wp-block-woocommerce-product-new wc-block-product-new has-4-columns\"><ul class=\"wc-block-grid__products\"><li class=\"wc-block-grid__product\">\n\t\t\t\t<a href=\"https:\/\/saugaservices.com\/luz\/producto\/luminaria-led-hermetica-2x18w-anti-polvo\/\" class=\"wc-block-grid__product-link\">\n\t\t\t\t\t\n\t\t\t\t\t<div class=\"wc-block-grid__product-image\"><img loading=\"lazy\" decoding=\"async\" width=\"300\" height=\"300\" src=\"https:\/\/saugaservices.com\/luz\/wp-content\/uploads\/2025\/02\/Led-Hermetica-2x18-Anti-Polvo-01-300x300.jpg\" class=\"attachment-woocommerce_thumbnail size-woocommerce_thumbnail\" alt=\"Luminaria LED Herm\u00e9tica 2x18W Anti Polvo\u00a0\" srcset=\"https:\/\/saugaservices.com\/luz\/wp-content\/uploads\/2025\/02\/Led-Hermetica-2x18-Anti-Polvo-01-300x300.jpg 300w, https:\/\/saugaservices.com\/luz\/wp-content\/uploads\/2025\/02\/Led-Hermetica-2x18-Anti-Polvo-01-1024x1024.jpg 1024w, https:\/\/saugaservices.com\/luz\/wp-content\/uploads\/2025\/02\/Led-Hermetica-2x18-Anti-Polvo-01-150x150.jpg 150w, https:\/\/saugaservices.com\/luz\/wp-content\/uploads\/2025\/02\/Led-Hermetica-2x18-Anti-Polvo-01-768x768.jpg 768w, https:\/\/saugaservices.com\/luz\/wp-content\/uploads\/2025\/02\/Led-Hermetica-2x18-Anti-Polvo-01-1536x1536.jpg 1536w, https:\/\/saugaservices.com\/luz\/wp-content\/uploads\/2025\/02\/Led-Hermetica-2x18-Anti-Polvo-01-2048x2048.jpg 2048w, https:\/\/saugaservices.com\/luz\/wp-content\/uploads\/2025\/02\/Led-Hermetica-2x18-Anti-Polvo-01-360x360.jpg 360w, https:\/\/saugaservices.com\/luz\/wp-content\/uploads\/2025\/02\/Led-Hermetica-2x18-Anti-Polvo-01-1200x1200.jpg 1200w, https:\/\/saugaservices.com\/luz\/wp-content\/uploads\/2025\/02\/Led-Hermetica-2x18-Anti-Polvo-01-600x600.jpg 600w, https:\/\/saugaservices.com\/luz\/wp-content\/uploads\/2025\/02\/Led-Hermetica-2x18-Anti-Polvo-01-100x100.jpg 100w\" sizes=\"auto, (max-width: 300px) 100vw, 300px\" \/><\/div>\n\t\t\t\t\t<div class=\"wc-block-grid__product-title\">Luminaria LED Herm\u00e9tica 2x18W Anti Polvo\u00a0<\/div>\n\t\t\t\t<\/a>\n\t\t\t\t<div class=\"wc-block-grid__product-price price\"><\/div>\n\t\t\t\t\n\t\t\t\t<div class=\"wp-block-button wc-block-grid__product-add-to-cart\"><a href=\"https:\/\/saugaservices.com\/luz\/producto\/luminaria-led-hermetica-2x18w-anti-polvo\/\" aria-label=\"Lee m\u00e1s sobre &ldquo;Luminaria LED Herm\u00e9tica 2x18W Anti Polvo\u00a0&rdquo;\" data-quantity=\"1\" data-product_id=\"1644\" data-product_sku=\"\" data-price=\"0\" rel=\"nofollow\" class=\"wp-block-button__link  add_to_cart_button\">Leer m\u00e1s<\/a><\/div>\n\t\t\t<\/li><li class=\"wc-block-grid__product\">\n\t\t\t\t<a href=\"https:\/\/saugaservices.com\/luz\/producto\/panel-led-de-empotrar-18w-6500k-3000k\/\" class=\"wc-block-grid__product-link\">\n\t\t\t\t\t\n\t\t\t\t\t<div class=\"wc-block-grid__product-image\"><img loading=\"lazy\" decoding=\"async\" width=\"300\" height=\"300\" src=\"https:\/\/saugaservices.com\/luz\/wp-content\/uploads\/2025\/02\/Panel-led-de-19w-de-empotrar-6500k-3000k-01-300x300.jpg\" class=\"attachment-woocommerce_thumbnail size-woocommerce_thumbnail\" alt=\"Panel LED de Empotrar 18W 6500K\/3000K\u00a0\" srcset=\"https:\/\/saugaservices.com\/luz\/wp-content\/uploads\/2025\/02\/Panel-led-de-19w-de-empotrar-6500k-3000k-01-300x300.jpg 300w, https:\/\/saugaservices.com\/luz\/wp-content\/uploads\/2025\/02\/Panel-led-de-19w-de-empotrar-6500k-3000k-01-1024x1024.jpg 1024w, https:\/\/saugaservices.com\/luz\/wp-content\/uploads\/2025\/02\/Panel-led-de-19w-de-empotrar-6500k-3000k-01-150x150.jpg 150w, https:\/\/saugaservices.com\/luz\/wp-content\/uploads\/2025\/02\/Panel-led-de-19w-de-empotrar-6500k-3000k-01-768x768.jpg 768w, https:\/\/saugaservices.com\/luz\/wp-content\/uploads\/2025\/02\/Panel-led-de-19w-de-empotrar-6500k-3000k-01-1536x1536.jpg 1536w, https:\/\/saugaservices.com\/luz\/wp-content\/uploads\/2025\/02\/Panel-led-de-19w-de-empotrar-6500k-3000k-01-2048x2048.jpg 2048w, https:\/\/saugaservices.com\/luz\/wp-content\/uploads\/2025\/02\/Panel-led-de-19w-de-empotrar-6500k-3000k-01-360x360.jpg 360w, https:\/\/saugaservices.com\/luz\/wp-content\/uploads\/2025\/02\/Panel-led-de-19w-de-empotrar-6500k-3000k-01-1200x1200.jpg 1200w, https:\/\/saugaservices.com\/luz\/wp-content\/uploads\/2025\/02\/Panel-led-de-19w-de-empotrar-6500k-3000k-01-600x600.jpg 600w, https:\/\/saugaservices.com\/luz\/wp-content\/uploads\/2025\/02\/Panel-led-de-19w-de-empotrar-6500k-3000k-01-100x100.jpg 100w\" sizes=\"auto, (max-width: 300px) 100vw, 300px\" \/><\/div>\n\t\t\t\t\t<div class=\"wc-block-grid__product-title\">Panel LED de Empotrar 18W 6500K\/3000K\u00a0<\/div>\n\t\t\t\t<\/a>\n\t\t\t\t<div class=\"wc-block-grid__product-price price\"><\/div>\n\t\t\t\t\n\t\t\t\t<div class=\"wp-block-button wc-block-grid__product-add-to-cart\"><a href=\"https:\/\/saugaservices.com\/luz\/producto\/panel-led-de-empotrar-18w-6500k-3000k\/\" aria-label=\"Lee m\u00e1s sobre &ldquo;Panel LED de Empotrar 18W 6500K\/3000K\u00a0&rdquo;\" data-quantity=\"1\" data-product_id=\"1639\" data-product_sku=\"\" data-price=\"0\" rel=\"nofollow\" class=\"wp-block-button__link  add_to_cart_button\">Leer m\u00e1s<\/a><\/div>\n\t\t\t<\/li><li class=\"wc-block-grid__product\">\n\t\t\t\t<a href=\"https:\/\/saugaservices.com\/luz\/producto\/lampara-satelite-led-25w\/\" class=\"wc-block-grid__product-link\">\n\t\t\t\t\t\n\t\t\t\t\t<div class=\"wc-block-grid__product-image\"><img loading=\"lazy\" decoding=\"async\" width=\"300\" height=\"300\" src=\"https:\/\/saugaservices.com\/luz\/wp-content\/uploads\/2025\/02\/Satelite-25w-1800ml-100-240v-40000h-01-300x300.jpg\" class=\"attachment-woocommerce_thumbnail size-woocommerce_thumbnail\" alt=\"L\u00e1mpara Sat\u00e9lite LED 25W\" srcset=\"https:\/\/saugaservices.com\/luz\/wp-content\/uploads\/2025\/02\/Satelite-25w-1800ml-100-240v-40000h-01-300x300.jpg 300w, https:\/\/saugaservices.com\/luz\/wp-content\/uploads\/2025\/02\/Satelite-25w-1800ml-100-240v-40000h-01-1024x1024.jpg 1024w, https:\/\/saugaservices.com\/luz\/wp-content\/uploads\/2025\/02\/Satelite-25w-1800ml-100-240v-40000h-01-150x150.jpg 150w, https:\/\/saugaservices.com\/luz\/wp-content\/uploads\/2025\/02\/Satelite-25w-1800ml-100-240v-40000h-01-768x768.jpg 768w, https:\/\/saugaservices.com\/luz\/wp-content\/uploads\/2025\/02\/Satelite-25w-1800ml-100-240v-40000h-01-1536x1536.jpg 1536w, https:\/\/saugaservices.com\/luz\/wp-content\/uploads\/2025\/02\/Satelite-25w-1800ml-100-240v-40000h-01-2048x2048.jpg 2048w, https:\/\/saugaservices.com\/luz\/wp-content\/uploads\/2025\/02\/Satelite-25w-1800ml-100-240v-40000h-01-360x360.jpg 360w, https:\/\/saugaservices.com\/luz\/wp-content\/uploads\/2025\/02\/Satelite-25w-1800ml-100-240v-40000h-01-1200x1200.jpg 1200w, https:\/\/saugaservices.com\/luz\/wp-content\/uploads\/2025\/02\/Satelite-25w-1800ml-100-240v-40000h-01-600x600.jpg 600w, https:\/\/saugaservices.com\/luz\/wp-content\/uploads\/2025\/02\/Satelite-25w-1800ml-100-240v-40000h-01-100x100.jpg 100w\" sizes=\"auto, (max-width: 300px) 100vw, 300px\" \/><\/div>\n\t\t\t\t\t<div class=\"wc-block-grid__product-title\">L\u00e1mpara Sat\u00e9lite LED 25W<\/div>\n\t\t\t\t<\/a>\n\t\t\t\t<div class=\"wc-block-grid__product-price price\"><\/div>\n\t\t\t\t\n\t\t\t\t<div class=\"wp-block-button wc-block-grid__product-add-to-cart\"><a href=\"https:\/\/saugaservices.com\/luz\/producto\/lampara-satelite-led-25w\/\" aria-label=\"Lee m\u00e1s sobre &ldquo;L\u00e1mpara Sat\u00e9lite LED 25W&rdquo;\" data-quantity=\"1\" data-product_id=\"1633\" data-product_sku=\"\" data-price=\"0\" rel=\"nofollow\" class=\"wp-block-button__link  add_to_cart_button\">Leer m\u00e1s<\/a><\/div>\n\t\t\t<\/li><li class=\"wc-block-grid__product\">\n\t\t\t\t<a href=\"https:\/\/saugaservices.com\/luz\/producto\/panel-led-de-s-p-18w-6500k-3000k\/\" class=\"wc-block-grid__product-link\">\n\t\t\t\t\t\n\t\t\t\t\t<div class=\"wc-block-grid__product-image\"><img loading=\"lazy\" decoding=\"async\" width=\"300\" height=\"300\" src=\"https:\/\/saugaservices.com\/luz\/wp-content\/uploads\/2025\/02\/Panel-led-18w-de-sobreponer-6500k-3000k-01-300x300.jpg\" class=\"attachment-woocommerce_thumbnail size-woocommerce_thumbnail\" alt=\"Panel LED de S.P 18W 6500K\/3000K\u00a0\" srcset=\"https:\/\/saugaservices.com\/luz\/wp-content\/uploads\/2025\/02\/Panel-led-18w-de-sobreponer-6500k-3000k-01-300x300.jpg 300w, https:\/\/saugaservices.com\/luz\/wp-content\/uploads\/2025\/02\/Panel-led-18w-de-sobreponer-6500k-3000k-01-1024x1024.jpg 1024w, https:\/\/saugaservices.com\/luz\/wp-content\/uploads\/2025\/02\/Panel-led-18w-de-sobreponer-6500k-3000k-01-150x150.jpg 150w, https:\/\/saugaservices.com\/luz\/wp-content\/uploads\/2025\/02\/Panel-led-18w-de-sobreponer-6500k-3000k-01-768x768.jpg 768w, https:\/\/saugaservices.com\/luz\/wp-content\/uploads\/2025\/02\/Panel-led-18w-de-sobreponer-6500k-3000k-01-1536x1536.jpg 1536w, https:\/\/saugaservices.com\/luz\/wp-content\/uploads\/2025\/02\/Panel-led-18w-de-sobreponer-6500k-3000k-01-2048x2048.jpg 2048w, https:\/\/saugaservices.com\/luz\/wp-content\/uploads\/2025\/02\/Panel-led-18w-de-sobreponer-6500k-3000k-01-360x360.jpg 360w, https:\/\/saugaservices.com\/luz\/wp-content\/uploads\/2025\/02\/Panel-led-18w-de-sobreponer-6500k-3000k-01-1200x1200.jpg 1200w, https:\/\/saugaservices.com\/luz\/wp-content\/uploads\/2025\/02\/Panel-led-18w-de-sobreponer-6500k-3000k-01-600x600.jpg 600w, https:\/\/saugaservices.com\/luz\/wp-content\/uploads\/2025\/02\/Panel-led-18w-de-sobreponer-6500k-3000k-01-100x100.jpg 100w\" sizes=\"auto, (max-width: 300px) 100vw, 300px\" \/><\/div>\n\t\t\t\t\t<div class=\"wc-block-grid__product-title\">Panel LED de S.P 18W 6500K\/3000K\u00a0<\/div>\n\t\t\t\t<\/a>\n\t\t\t\t<div class=\"wc-block-grid__product-price price\"><\/div>\n\t\t\t\t\n\t\t\t\t<div class=\"wp-block-button wc-block-grid__product-add-to-cart\"><a href=\"https:\/\/saugaservices.com\/luz\/producto\/panel-led-de-s-p-18w-6500k-3000k\/\" aria-label=\"Lee m\u00e1s sobre &ldquo;Panel LED de S.P 18W 6500K\/3000K\u00a0&rdquo;\" data-quantity=\"1\" data-product_id=\"1629\" data-product_sku=\"\" data-price=\"0\" rel=\"nofollow\" class=\"wp-block-button__link  add_to_cart_button\">Leer m\u00e1s<\/a><\/div>\n\t\t\t<\/li><\/ul><\/div><\/div><\/div>","protected":false},"excerpt":{"rendered":"Puede que te interese\u2026 \u00a1Tu carrito est\u00e1 actualmente vac\u00edo! Nuevo en la tienda","protected":false},"author":1,"featured_media":0,"parent":0,"menu_order":0,"comment_status":"closed","ping_status":"closed","template":"","meta":{"footnotes":""},"class_list":["post-14","page","type-page","status-publish","hentry"],"_links":{"self":[{"href":"https:\/\/saugaservices.com\/luz\/wp-json\/wp\/v2\/pages\/14","targetHints":{"allow":["GET"]}}],"collection":[{"href":"https:\/\/saugaservices.com\/luz\/wp-json\/wp\/v2\/pages"}],"about":[{"href":"https:\/\/saugaservices.com\/luz\/wp-json\/wp\/v2\/types\/page"}],"author":[{"embeddable":true,"href":"https:\/\/saugaservices.com\/luz\/wp-json\/wp\/v2\/users\/1"}],"replies":[{"embeddable":true,"href":"https:\/\/saugaservices.com\/luz\/wp-json\/wp\/v2\/comments?post=14"}],"version-history":[{"count":1,"href":"https:\/\/saugaservices.com\/luz\/wp-json\/wp\/v2\/pages\/14\/revisions"}],"predecessor-version":[{"id":1421,"href":"https:\/\/saugaservices.com\/luz\/wp-json\/wp\/v2\/pages\/14\/revisions\/1421"}],"wp:attachment":[{"href":"https:\/\/saugaservices.com\/luz\/wp-json\/wp\/v2\/media?parent=14"}],"curies":[{"name":"wp","href":"https:\/\/api.w.org\/{rel}","templated":true}]}}